{"id":45,"date":"2015-11-29T18:53:47","date_gmt":"2015-11-29T17:53:47","guid":{"rendered":"http:\/\/www.marion-z-photographie.com\/?page_id=45"},"modified":"2022-02-09T22:26:19","modified_gmt":"2022-02-09T21:26:19","slug":"a-propos","status":"publish","type":"page","link":"https:\/\/www.marion-z-photographie.com\/?page_id=45","title":{"rendered":"A propos"},"content":{"rendered":"<h1 style=\"text-align: center;\">Un peu de moi . . .<\/h1>\n<p><a href=\"http:\/\/www.marion-z-photographie.com\/wp-content\/uploads\/2019\/02\/IMG_2064.jpg\"><img decoding=\"async\" loading=\"lazy\" class=\"size-medium wp-image-800 aligncenter\" src=\"http:\/\/www.marion-z-photographie.com\/wp-content\/uploads\/2019\/02\/IMG_2064-300x200.jpg\" alt=\"\" width=\"300\" height=\"200\" srcset=\"https:\/\/www.marion-z-photographie.com\/wp-content\/uploads\/2019\/02\/IMG_2064-300x200.jpg 300w, https:\/\/www.marion-z-photographie.com\/wp-content\/uploads\/2019\/02\/IMG_2064-768x512.jpg 768w, https:\/\/www.marion-z-photographie.com\/wp-content\/uploads\/2019\/02\/IMG_2064-1024x683.jpg 1024w, https:\/\/www.marion-z-photographie.com\/wp-content\/uploads\/2019\/02\/IMG_2064-840x560.jpg 840w, https:\/\/www.marion-z-photographie.com\/wp-content\/uploads\/2019\/02\/IMG_2064-150x100.jpg 150w\" sizes=\"(max-width: 300px) 100vw, 300px\" \/><\/a><\/p>\n<h6 style=\"text-align: center;\">Passionn\u00e9e de photographie depuis mon plus jeune \u00e2ge,\u00a0j&#8217;ai tout d&#8217;abord commenc\u00e9 \u00e0 explorer mon sens artistique\u00a0\u00e0 l&#8217;aide de ces petits appareils photo cartonn\u00e9s, autrement\u00a0appel\u00e9s appareils photo jetables. Quand on est petit,\u00a0c&#8217;est\u00a0moins risqu\u00e9 de partir en voyage scolaire \u00e0 la d\u00e9couverte de Paris\u00a0et du Stade de France avec ce genre de mat\u00e9riel qu&#8217;avec l&#8217;appareil photo argentique familial!<\/h6>\n<h6 style=\"text-align: center;\">D\u00e8s l&#8217;adolescence, l&#8217;un des premiers gros cadeaux que j&#8217;ai souhait\u00e9 \u00e9tait\u00a0un appareil photo num\u00e9rique. Je le trimbalais partout, tout le temps. Photographiant tout et n&#8217;importe quoi, du bout de pain rest\u00e9 sur la table \u00e0 la fin du repas aux diverses f\u00eates de famille , en passant par les autoportraits, d\u00e9sormais appel\u00e9s \u00abselfies\u00bb&#8230; J&#8217;ai toujours a-do-r\u00e9 \u00e7a. Capturer un instant, rendre les choses plus pr\u00e9cieuses en les figeant dans la m\u00e9moire, saisir la fraction de seconde et appuyer sur le bouton au moment le plus beau, au moment o\u00f9 je pense que le clich\u00e9 fera ressortir le plus d&#8217;\u00e9motions.<\/h6>\n<h6 style=\"text-align: center;\">En 2008, mon papa m&#8217;offre mon tout premier r\u00e9flex num\u00e9rique. Le pentax k-x. Avec \u00e7a, je continue mais avec plus d&#8217;intensit\u00e9, \u00e0 lier mes deux passions ensemble : la photographie et l&#8217;\u00e9quitation. Je prends plaisir \u00e0 rester dehors de 8h du matin \u00e0 20h le soir pour photographier mes amis et connaissances lors de concours hippiques, sur des terrains vari\u00e9s.<br \/>\nPuis c&#8217;est en 2011 que je me fais &#8220;rep\u00e9rer&#8221; par un photographe lensois, Vincent Debuisson. Je commence donc \u00e0 travailler pour lui, l&#8217;assistant dans un premier temps \u00e0 un poste de vente, impression et retouches de photos puis dans un second temps, en tant que photographe.<\/h6>\n<h6 style=\"text-align: center;\">Et c&#8217;est au tout d\u00e9but de l&#8217;ann\u00e9e 2014 que, gr\u00e2ce \u00e0 une tr\u00e8s grande partie de mes \u00e9conomies, j&#8217;investis dans l&#8217;achat du Canon Eos 7D, petite merveille de technologie. Avec lui, j&#8217;opte premi\u00e8rement pour deux objectifs : un 15-85mm f\/3.5-5.6 IS USM et un 70-300mm f\/4-5.6 IS USM. J&#8217;ai ensuite fait l&#8217;acquisition d&#8217;un 50mm f\/1.8 puis derni\u00e8rement d&#8217;un 50mm f1\/4, particuli\u00e8rement pratique pour les portraits.<\/h6>\n<h6 style=\"text-align: center;\">Pouss\u00e9e par mon entourage, je me lance dans l&#8217;auto-entreprise en 2015. Reportage mariage, shooting photo seul ou \u00e0 plusieurs, naissance&#8230; J&#8217;aime TOUT photographier! Tr\u00e8s \u00e0 l&#8217;\u00e9coute et soucieuse de bien faire, je saurai \u00eatre attentive \u00e0 vos diverses requ\u00eates, le tout dans une ambiance chaleureuse et sympathique!<\/h6>\n","protected":false},"excerpt":{"rendered":"<p>Un peu de moi . . . Passionn\u00e9e de photographie depuis mon plus jeune \u00e2ge,\u00a0j&#8217;ai tout d&#8217;abord commenc\u00e9 \u00e0 explorer mon sens artistique\u00a0\u00e0 l&#8217;aide de ces petits appareils photo cartonn\u00e9s, autrement\u00a0appel\u00e9s appareils photo jetables. Quand on est petit,\u00a0c&#8217;est\u00a0moins risqu\u00e9 de partir en voyage scolaire \u00e0 la d\u00e9couverte de Paris\u00a0et du Stade de France avec ce&#8230;<\/p>\n","protected":false},"author":1,"featured_media":0,"parent":0,"menu_order":0,"comment_status":"closed","ping_status":"closed","template":"","meta":[],"yoast_head":"<!-- This site is optimized with the Yoast SEO plugin v20.4 - https:\/\/yoast.com\/wordpress\/plugins\/seo\/ -->\n<title>A propos - Marion Z. photographie<\/title>\n<meta name=\"robots\" content=\"index, follow, max-snippet:-1, max-image-preview:large, max-video-preview:-1\" \/>\n<link rel=\"canonical\" href=\"https:\/\/www.marion-z-photographie.com\/?page_id=45\" \/>\n<meta property=\"og:locale\" content=\"fr_FR\" \/>\n<meta property=\"og:type\" content=\"article\" \/>\n<meta property=\"og:title\" content=\"A propos - Marion Z. photographie\" \/>\n<meta property=\"og:description\" content=\"Un peu de moi . . . Passionn\u00e9e de photographie depuis mon plus jeune \u00e2ge,\u00a0j&#8217;ai tout d&#8217;abord commenc\u00e9 \u00e0 explorer mon sens artistique\u00a0\u00e0 l&#8217;aide de ces petits appareils photo cartonn\u00e9s, autrement\u00a0appel\u00e9s appareils photo jetables. Quand on est petit,\u00a0c&#8217;est\u00a0moins risqu\u00e9 de partir en voyage scolaire \u00e0 la d\u00e9couverte de Paris\u00a0et du Stade de France avec ce...\" \/>\n<meta property=\"og:url\" content=\"https:\/\/www.marion-z-photographie.com\/?page_id=45\" \/>\n<meta property=\"og:site_name\" content=\"Marion Z. photographie\" \/>\n<meta property=\"article:modified_time\" content=\"2022-02-09T21:26:19+00:00\" \/>\n<meta property=\"og:image\" content=\"http:\/\/www.marion-z-photographie.com\/wp-content\/uploads\/2019\/02\/IMG_2064-300x200.jpg\" \/>\n<meta name=\"twitter:card\" content=\"summary_large_image\" \/>\n<meta name=\"twitter:label1\" content=\"Dur\u00e9e de lecture estim\u00e9e\" \/>\n\t<meta name=\"twitter:data1\" content=\"3 minutes\" \/>\n<script type=\"application\/ld+json\" class=\"yoast-schema-graph\">{\"@context\":\"https:\/\/schema.org\",\"@graph\":[{\"@type\":\"WebPage\",\"@id\":\"https:\/\/www.marion-z-photographie.com\/?page_id=45\",\"url\":\"https:\/\/www.marion-z-photographie.com\/?page_id=45\",\"name\":\"A propos - Marion Z. photographie\",\"isPartOf\":{\"@id\":\"https:\/\/www.marion-z-photographie.com\/#website\"},\"datePublished\":\"2015-11-29T17:53:47+00:00\",\"dateModified\":\"2022-02-09T21:26:19+00:00\",\"breadcrumb\":{\"@id\":\"https:\/\/www.marion-z-photographie.com\/?page_id=45#breadcrumb\"},\"inLanguage\":\"fr-FR\",\"potentialAction\":[{\"@type\":\"ReadAction\",\"target\":[\"https:\/\/www.marion-z-photographie.com\/?page_id=45\"]}]},{\"@type\":\"BreadcrumbList\",\"@id\":\"https:\/\/www.marion-z-photographie.com\/?page_id=45#breadcrumb\",\"itemListElement\":[{\"@type\":\"ListItem\",\"position\":1,\"name\":\"Accueil\",\"item\":\"https:\/\/www.marion-z-photographie.com\/\"},{\"@type\":\"ListItem\",\"position\":2,\"name\":\"A propos\"}]},{\"@type\":\"WebSite\",\"@id\":\"https:\/\/www.marion-z-photographie.com\/#website\",\"url\":\"https:\/\/www.marion-z-photographie.com\/\",\"name\":\"Marion Z. photographie\",\"description\":\"Captures d&#039;instants vous appartenant\",\"potentialAction\":[{\"@type\":\"SearchAction\",\"target\":{\"@type\":\"EntryPoint\",\"urlTemplate\":\"https:\/\/www.marion-z-photographie.com\/?s={search_term_string}\"},\"query-input\":\"required name=search_term_string\"}],\"inLanguage\":\"fr-FR\"}]}<\/script>\n<!-- \/ Yoast SEO plugin. -->","yoast_head_json":{"title":"A propos - Marion Z. photographie","robots":{"index":"index","follow":"follow","max-snippet":"max-snippet:-1","max-image-preview":"max-image-preview:large","max-video-preview":"max-video-preview:-1"},"canonical":"https:\/\/www.marion-z-photographie.com\/?page_id=45","og_locale":"fr_FR","og_type":"article","og_title":"A propos - Marion Z. photographie","og_description":"Un peu de moi . . . Passionn\u00e9e de photographie depuis mon plus jeune \u00e2ge,\u00a0j&#8217;ai tout d&#8217;abord commenc\u00e9 \u00e0 explorer mon sens artistique\u00a0\u00e0 l&#8217;aide de ces petits appareils photo cartonn\u00e9s, autrement\u00a0appel\u00e9s appareils photo jetables. Quand on est petit,\u00a0c&#8217;est\u00a0moins risqu\u00e9 de partir en voyage scolaire \u00e0 la d\u00e9couverte de Paris\u00a0et du Stade de France avec ce...","og_url":"https:\/\/www.marion-z-photographie.com\/?page_id=45","og_site_name":"Marion Z. photographie","article_modified_time":"2022-02-09T21:26:19+00:00","og_image":[{"url":"http:\/\/www.marion-z-photographie.com\/wp-content\/uploads\/2019\/02\/IMG_2064-300x200.jpg"}],"twitter_card":"summary_large_image","twitter_misc":{"Dur\u00e9e de lecture estim\u00e9e":"3 minutes"},"schema":{"@context":"https:\/\/schema.org","@graph":[{"@type":"WebPage","@id":"https:\/\/www.marion-z-photographie.com\/?page_id=45","url":"https:\/\/www.marion-z-photographie.com\/?page_id=45","name":"A propos - Marion Z. photographie","isPartOf":{"@id":"https:\/\/www.marion-z-photographie.com\/#website"},"datePublished":"2015-11-29T17:53:47+00:00","dateModified":"2022-02-09T21:26:19+00:00","breadcrumb":{"@id":"https:\/\/www.marion-z-photographie.com\/?page_id=45#breadcrumb"},"inLanguage":"fr-FR","potentialAction":[{"@type":"ReadAction","target":["https:\/\/www.marion-z-photographie.com\/?page_id=45"]}]},{"@type":"BreadcrumbList","@id":"https:\/\/www.marion-z-photographie.com\/?page_id=45#breadcrumb","itemListElement":[{"@type":"ListItem","position":1,"name":"Accueil","item":"https:\/\/www.marion-z-photographie.com\/"},{"@type":"ListItem","position":2,"name":"A propos"}]},{"@type":"WebSite","@id":"https:\/\/www.marion-z-photographie.com\/#website","url":"https:\/\/www.marion-z-photographie.com\/","name":"Marion Z. photographie","description":"Captures d&#039;instants vous appartenant","potentialAction":[{"@type":"SearchAction","target":{"@type":"EntryPoint","urlTemplate":"https:\/\/www.marion-z-photographie.com\/?s={search_term_string}"},"query-input":"required name=search_term_string"}],"inLanguage":"fr-FR"}]}},"_links":{"self":[{"href":"https:\/\/www.marion-z-photographie.com\/index.php?rest_route=\/wp\/v2\/pages\/45"}],"collection":[{"href":"https:\/\/www.marion-z-photographie.com\/index.php?rest_route=\/wp\/v2\/pages"}],"about":[{"href":"https:\/\/www.marion-z-photographie.com\/index.php?rest_route=\/wp\/v2\/types\/page"}],"author":[{"embeddable":true,"href":"https:\/\/www.marion-z-photographie.com\/index.php?rest_route=\/wp\/v2\/users\/1"}],"replies":[{"embeddable":true,"href":"https:\/\/www.marion-z-photographie.com\/index.php?rest_route=%2Fwp%2Fv2%2Fcomments&post=45"}],"version-history":[{"count":27,"href":"https:\/\/www.marion-z-photographie.com\/index.php?rest_route=\/wp\/v2\/pages\/45\/revisions"}],"predecessor-version":[{"id":2536,"href":"https:\/\/www.marion-z-photographie.com\/index.php?rest_route=\/wp\/v2\/pages\/45\/revisions\/2536"}],"wp:attachment":[{"href":"https:\/\/www.marion-z-photographie.com\/index.php?rest_route=%2Fwp%2Fv2%2Fmedia&parent=45"}],"curies":[{"name":"wp","href":"https:\/\/api.w.org\/{rel}","templated":true}]}}