{"id":57,"date":"2015-11-29T18:57:23","date_gmt":"2015-11-29T17:57:23","guid":{"rendered":"http:\/\/www.marion-z-photographie.com\/?page_id=57"},"modified":"2022-02-09T22:17:39","modified_gmt":"2022-02-09T21:17:39","slug":"contact","status":"publish","type":"page","link":"https:\/\/www.marion-z-photographie.com\/?page_id=57","title":{"rendered":"Contact"},"content":{"rendered":"<h1 style=\"text-align: center;\">O\u00f9 me joindre . . .<\/h1>\n<p style=\"text-align: center;\">\n<p style=\"text-align: center;\">J&#8217;exerce mon activit\u00e9 principalement dans la r\u00e9gion des Hauts-de-France (Nord-Pas-de-Calais-Picardie) mais suis pr\u00eate \u00e0 vous suivre dans vos projets jusqu&#8217;au bout du Monde !<\/p>\n<p style=\"text-align: center;\">Vous pouvez me contacter \u00e0 l&#8217;adresse mail marionzphotographie@outlook.com mais aussi au 06.79.44.28.27 ou encore via le formulaire de contact ci-dessous.<\/p>\n<p style=\"text-align: center;\">Je suis \u00e9galement tr\u00e8s disponible sur ma page <a href=\"https:\/\/www.facebook.com\/marionzphotographie\/\" target=\"_blank\" rel=\"noopener\">Facebook<\/a><a href=\"https:\/\/www.facebook.com\/marionzphotographie\"><img decoding=\"async\" loading=\"lazy\" class=\"alignnone wp-image-2533\" src=\"http:\/\/www.marion-z-photographie.com\/wp-content\/uploads\/2022\/02\/logo-fb.jpg\" alt=\"\" width=\"55\" height=\"55\" srcset=\"https:\/\/www.marion-z-photographie.com\/wp-content\/uploads\/2022\/02\/logo-fb.jpg 217w, https:\/\/www.marion-z-photographie.com\/wp-content\/uploads\/2022\/02\/logo-fb-150x150.jpg 150w, https:\/\/www.marion-z-photographie.com\/wp-content\/uploads\/2022\/02\/logo-fb-100x100.jpg 100w\" sizes=\"(max-width: 55px) 100vw, 55px\" \/><\/a><\/p>\n\n<div class=\"wpcf7 no-js\" id=\"wpcf7-f485-o1\" lang=\"fr-FR\" dir=\"ltr\">\n<div class=\"screen-reader-response\"><p role=\"status\" aria-live=\"polite\" aria-atomic=\"true\"><\/p> <ul><\/ul><\/div>\n<form action=\"\/index.php?rest_route=%2Fwp%2Fv2%2Fpages%2F57#wpcf7-f485-o1\" method=\"post\" class=\"wpcf7-form init\" aria-label=\"Formulaire de contact\" novalidate=\"novalidate\" data-status=\"init\">\n<div style=\"display: none;\">\n<input type=\"hidden\" name=\"_wpcf7\" value=\"485\" \/>\n<input type=\"hidden\" name=\"_wpcf7_version\" value=\"5.7.7\" \/>\n<input type=\"hidden\" name=\"_wpcf7_locale\" value=\"fr_FR\" \/>\n<input type=\"hidden\" name=\"_wpcf7_unit_tag\" value=\"wpcf7-f485-o1\" \/>\n<input type=\"hidden\" name=\"_wpcf7_container_post\" value=\"0\" \/>\n<input type=\"hidden\" name=\"_wpcf7_posted_data_hash\" value=\"\" \/>\n<\/div>\n<p>Nom & pr\u00e9nom (obligatoire)\n<\/p>\n<p><span class=\"wpcf7-form-control-wrap\" data-name=\"your-name\"><input size=\"40\" class=\"wpcf7-form-control wpcf7-text wpcf7-validates-as-required\" aria-required=\"true\" aria-invalid=\"false\" value=\"\" type=\"text\" name=\"your-name\" \/><\/span>\n<\/p>\n<p>Email (obligatoire)\n<\/p>\n<p><span class=\"wpcf7-form-control-wrap\" data-name=\"your-email\"><input size=\"40\" class=\"wpcf7-form-control wpcf7-text wpcf7-email wpcf7-validates-as-required wpcf7-validates-as-email\" aria-required=\"true\" aria-invalid=\"false\" value=\"\" type=\"email\" name=\"your-email\" \/><\/span>\n<\/p>\n<p>Sujet\n<\/p>\n<p><span class=\"wpcf7-form-control-wrap\" data-name=\"your-subject\"><input size=\"40\" class=\"wpcf7-form-control wpcf7-text\" aria-invalid=\"false\" value=\"\" type=\"text\" name=\"your-subject\" \/><\/span>\n<\/p>\n<p>Votre message\n<\/p>\n<p><span class=\"wpcf7-form-control-wrap\" data-name=\"your-message\"><textarea cols=\"40\" rows=\"10\" class=\"wpcf7-form-control wpcf7-textarea\" aria-invalid=\"false\" name=\"your-message\"><\/textarea><\/span>\n<\/p>\n<p><input class=\"wpcf7-form-control has-spinner wpcf7-submit\" type=\"submit\" value=\"Envoyer\" \/>\n<\/p><p style=\"display: none !important;\" class=\"akismet-fields-container\" data-prefix=\"_wpcf7_ak_\"><label>&#916;<textarea name=\"_wpcf7_ak_hp_textarea\" cols=\"45\" rows=\"8\" maxlength=\"100\"><\/textarea><\/label><input type=\"hidden\" id=\"ak_js_1\" name=\"_wpcf7_ak_js\" value=\"247\"\/><script>document.getElementById( \"ak_js_1\" ).setAttribute( \"value\", ( new Date() ).getTime() );<\/script><\/p><div class=\"wpcf7-response-output\" aria-hidden=\"true\"><\/div>\n<\/form>\n<\/div>\n\n","protected":false},"excerpt":{"rendered":"<p>O\u00f9 me joindre . . . J&#8217;exerce mon activit\u00e9 principalement dans la r\u00e9gion des Hauts-de-France (Nord-Pas-de-Calais-Picardie) mais suis pr\u00eate \u00e0 vous suivre dans vos projets jusqu&#8217;au bout du Monde ! Vous pouvez me contacter \u00e0 l&#8217;adresse mail marionzphotographie@outlook.com mais aussi au 06.79.44.28.27 ou encore via le formulaire de contact ci-dessous. Je suis \u00e9galement tr\u00e8s disponible&#8230;<\/p>\n","protected":false},"author":1,"featured_media":0,"parent":0,"menu_order":0,"comment_status":"closed","ping_status":"closed","template":"","meta":[],"yoast_head":"<!-- This site is optimized with the Yoast SEO plugin v20.4 - https:\/\/yoast.com\/wordpress\/plugins\/seo\/ -->\n<title>Contact - Marion Z. photographie<\/title>\n<meta name=\"robots\" content=\"index, follow, max-snippet:-1, max-image-preview:large, max-video-preview:-1\" \/>\n<link rel=\"canonical\" href=\"https:\/\/www.marion-z-photographie.com\/?page_id=57\" \/>\n<meta property=\"og:locale\" content=\"fr_FR\" \/>\n<meta property=\"og:type\" content=\"article\" \/>\n<meta property=\"og:title\" content=\"Contact - Marion Z. photographie\" \/>\n<meta property=\"og:description\" content=\"O\u00f9 me joindre . . . J&#8217;exerce mon activit\u00e9 principalement dans la r\u00e9gion des Hauts-de-France (Nord-Pas-de-Calais-Picardie) mais suis pr\u00eate \u00e0 vous suivre dans vos projets jusqu&#8217;au bout du Monde ! Vous pouvez me contacter \u00e0 l&#8217;adresse mail marionzphotographie@outlook.com mais aussi au 06.79.44.28.27 ou encore via le formulaire de contact ci-dessous. Je suis \u00e9galement tr\u00e8s disponible...\" \/>\n<meta property=\"og:url\" content=\"https:\/\/www.marion-z-photographie.com\/?page_id=57\" \/>\n<meta property=\"og:site_name\" content=\"Marion Z. photographie\" \/>\n<meta property=\"article:modified_time\" content=\"2022-02-09T21:17:39+00:00\" \/>\n<meta property=\"og:image\" content=\"http:\/\/www.marion-z-photographie.com\/wp-content\/uploads\/2022\/02\/logo-fb.jpg\" \/>\n<meta name=\"twitter:card\" content=\"summary_large_image\" \/>\n<meta name=\"twitter:label1\" content=\"Dur\u00e9e de lecture estim\u00e9e\" \/>\n\t<meta name=\"twitter:data1\" content=\"1 minute\" \/>\n<script type=\"application\/ld+json\" class=\"yoast-schema-graph\">{\"@context\":\"https:\/\/schema.org\",\"@graph\":[{\"@type\":\"WebPage\",\"@id\":\"https:\/\/www.marion-z-photographie.com\/?page_id=57\",\"url\":\"https:\/\/www.marion-z-photographie.com\/?page_id=57\",\"name\":\"Contact - Marion Z. photographie\",\"isPartOf\":{\"@id\":\"http:\/\/www.marion-z-photographie.com\/#website\"},\"datePublished\":\"2015-11-29T17:57:23+00:00\",\"dateModified\":\"2022-02-09T21:17:39+00:00\",\"breadcrumb\":{\"@id\":\"https:\/\/www.marion-z-photographie.com\/?page_id=57#breadcrumb\"},\"inLanguage\":\"fr-FR\",\"potentialAction\":[{\"@type\":\"ReadAction\",\"target\":[\"https:\/\/www.marion-z-photographie.com\/?page_id=57\"]}]},{\"@type\":\"BreadcrumbList\",\"@id\":\"https:\/\/www.marion-z-photographie.com\/?page_id=57#breadcrumb\",\"itemListElement\":[{\"@type\":\"ListItem\",\"position\":1,\"name\":\"Accueil\",\"item\":\"http:\/\/www.marion-z-photographie.com\/\"},{\"@type\":\"ListItem\",\"position\":2,\"name\":\"Contact\"}]},{\"@type\":\"WebSite\",\"@id\":\"http:\/\/www.marion-z-photographie.com\/#website\",\"url\":\"http:\/\/www.marion-z-photographie.com\/\",\"name\":\"Marion Z. photographie\",\"description\":\"Captures d&#039;instants vous appartenant\",\"potentialAction\":[{\"@type\":\"SearchAction\",\"target\":{\"@type\":\"EntryPoint\",\"urlTemplate\":\"http:\/\/www.marion-z-photographie.com\/?s={search_term_string}\"},\"query-input\":\"required name=search_term_string\"}],\"inLanguage\":\"fr-FR\"}]}<\/script>\n<!-- \/ Yoast SEO plugin. -->","yoast_head_json":{"title":"Contact - Marion Z. photographie","robots":{"index":"index","follow":"follow","max-snippet":"max-snippet:-1","max-image-preview":"max-image-preview:large","max-video-preview":"max-video-preview:-1"},"canonical":"https:\/\/www.marion-z-photographie.com\/?page_id=57","og_locale":"fr_FR","og_type":"article","og_title":"Contact - Marion Z. photographie","og_description":"O\u00f9 me joindre . . . J&#8217;exerce mon activit\u00e9 principalement dans la r\u00e9gion des Hauts-de-France (Nord-Pas-de-Calais-Picardie) mais suis pr\u00eate \u00e0 vous suivre dans vos projets jusqu&#8217;au bout du Monde ! Vous pouvez me contacter \u00e0 l&#8217;adresse mail marionzphotographie@outlook.com mais aussi au 06.79.44.28.27 ou encore via le formulaire de contact ci-dessous. Je suis \u00e9galement tr\u00e8s disponible...","og_url":"https:\/\/www.marion-z-photographie.com\/?page_id=57","og_site_name":"Marion Z. photographie","article_modified_time":"2022-02-09T21:17:39+00:00","og_image":[{"url":"http:\/\/www.marion-z-photographie.com\/wp-content\/uploads\/2022\/02\/logo-fb.jpg"}],"twitter_card":"summary_large_image","twitter_misc":{"Dur\u00e9e de lecture estim\u00e9e":"1 minute"},"schema":{"@context":"https:\/\/schema.org","@graph":[{"@type":"WebPage","@id":"https:\/\/www.marion-z-photographie.com\/?page_id=57","url":"https:\/\/www.marion-z-photographie.com\/?page_id=57","name":"Contact - Marion Z. photographie","isPartOf":{"@id":"http:\/\/www.marion-z-photographie.com\/#website"},"datePublished":"2015-11-29T17:57:23+00:00","dateModified":"2022-02-09T21:17:39+00:00","breadcrumb":{"@id":"https:\/\/www.marion-z-photographie.com\/?page_id=57#breadcrumb"},"inLanguage":"fr-FR","potentialAction":[{"@type":"ReadAction","target":["https:\/\/www.marion-z-photographie.com\/?page_id=57"]}]},{"@type":"BreadcrumbList","@id":"https:\/\/www.marion-z-photographie.com\/?page_id=57#breadcrumb","itemListElement":[{"@type":"ListItem","position":1,"name":"Accueil","item":"http:\/\/www.marion-z-photographie.com\/"},{"@type":"ListItem","position":2,"name":"Contact"}]},{"@type":"WebSite","@id":"http:\/\/www.marion-z-photographie.com\/#website","url":"http:\/\/www.marion-z-photographie.com\/","name":"Marion Z. photographie","description":"Captures d&#039;instants vous appartenant","potentialAction":[{"@type":"SearchAction","target":{"@type":"EntryPoint","urlTemplate":"http:\/\/www.marion-z-photographie.com\/?s={search_term_string}"},"query-input":"required name=search_term_string"}],"inLanguage":"fr-FR"}]}},"_links":{"self":[{"href":"https:\/\/www.marion-z-photographie.com\/index.php?rest_route=\/wp\/v2\/pages\/57"}],"collection":[{"href":"https:\/\/www.marion-z-photographie.com\/index.php?rest_route=\/wp\/v2\/pages"}],"about":[{"href":"https:\/\/www.marion-z-photographie.com\/index.php?rest_route=\/wp\/v2\/types\/page"}],"author":[{"embeddable":true,"href":"https:\/\/www.marion-z-photographie.com\/index.php?rest_route=\/wp\/v2\/users\/1"}],"replies":[{"embeddable":true,"href":"https:\/\/www.marion-z-photographie.com\/index.php?rest_route=%2Fwp%2Fv2%2Fcomments&post=57"}],"version-history":[{"count":19,"href":"https:\/\/www.marion-z-photographie.com\/index.php?rest_route=\/wp\/v2\/pages\/57\/revisions"}],"predecessor-version":[{"id":2534,"href":"https:\/\/www.marion-z-photographie.com\/index.php?rest_route=\/wp\/v2\/pages\/57\/revisions\/2534"}],"wp:attachment":[{"href":"https:\/\/www.marion-z-photographie.com\/index.php?rest_route=%2Fwp%2Fv2%2Fmedia&parent=57"}],"curies":[{"name":"wp","href":"https:\/\/api.w.org\/{rel}","templated":true}]}}