{"id":61,"date":"2015-11-29T19:00:14","date_gmt":"2015-11-29T18:00:14","guid":{"rendered":"http:\/\/www.marion-z-photographie.com\/?page_id=61"},"modified":"2026-01-21T18:49:35","modified_gmt":"2026-01-21T17:49:35","slug":"mariage","status":"publish","type":"page","link":"https:\/\/www.marion-z-photographie.com\/?page_id=61","title":{"rendered":"Mariage"},"content":{"rendered":"<h1 style=\"text-align: center;\">Mariage<\/h1>\n<p><a href=\"https:\/\/www.mariages.net\/photo-mariage\/marion-z-photographie--e144034\"><img decoding=\"async\" loading=\"lazy\" class=\"size-full wp-image-4057 aligncenter\" src=\"http:\/\/www.marion-z-photographie.com\/wp-content\/uploads\/2026\/01\/wedding-awards-2019-2026.jpg\" alt=\"\" width=\"1160\" height=\"155\" srcset=\"https:\/\/www.marion-z-photographie.com\/wp-content\/uploads\/2026\/01\/wedding-awards-2019-2026.jpg 1160w, https:\/\/www.marion-z-photographie.com\/wp-content\/uploads\/2026\/01\/wedding-awards-2019-2026-300x40.jpg 300w, https:\/\/www.marion-z-photographie.com\/wp-content\/uploads\/2026\/01\/wedding-awards-2019-2026-1024x137.jpg 1024w, https:\/\/www.marion-z-photographie.com\/wp-content\/uploads\/2026\/01\/wedding-awards-2019-2026-768x103.jpg 768w, https:\/\/www.marion-z-photographie.com\/wp-content\/uploads\/2026\/01\/wedding-awards-2019-2026-748x100.jpg 748w\" sizes=\"(max-width: 1160px) 100vw, 1160px\" \/><\/a><br \/>\n<a href=\"https:\/\/www.mariages.net\/photo-mariage\/marion-z-photographie--e144034\"><img decoding=\"async\" loading=\"lazy\" class=\" wp-image-4059 aligncenter\" src=\"http:\/\/www.marion-z-photographie.com\/wp-content\/uploads\/2026\/01\/Capture-decran-2026-01-21-a-18.25.22.png\" alt=\"\" width=\"155\" height=\"154\" srcset=\"https:\/\/www.marion-z-photographie.com\/wp-content\/uploads\/2026\/01\/Capture-decran-2026-01-21-a-18.25.22.png 302w, https:\/\/www.marion-z-photographie.com\/wp-content\/uploads\/2026\/01\/Capture-decran-2026-01-21-a-18.25.22-300x298.png 300w, https:\/\/www.marion-z-photographie.com\/wp-content\/uploads\/2026\/01\/Capture-decran-2026-01-21-a-18.25.22-150x150.png 150w, https:\/\/www.marion-z-photographie.com\/wp-content\/uploads\/2026\/01\/Capture-decran-2026-01-21-a-18.25.22-101x100.png 101w\" sizes=\"(max-width: 155px) 100vw, 155px\" \/><\/a><\/p>\n<p style=\"text-align: center;\">\n<h1 style=\"text-align: center;\">\u2665<\/h1>\n<p><img decoding=\"async\" loading=\"lazy\" class=\"aligncenter wp-image-542\" src=\"http:\/\/www.marion-z-photographie.com\/wp-content\/uploads\/2016\/08\/IMG_8835.jpg\" alt=\"\" width=\"620\" height=\"413\" srcset=\"https:\/\/www.marion-z-photographie.com\/wp-content\/uploads\/2016\/08\/IMG_8835.jpg 5184w, https:\/\/www.marion-z-photographie.com\/wp-content\/uploads\/2016\/08\/IMG_8835-300x200.jpg 300w, https:\/\/www.marion-z-photographie.com\/wp-content\/uploads\/2016\/08\/IMG_8835-768x512.jpg 768w, https:\/\/www.marion-z-photographie.com\/wp-content\/uploads\/2016\/08\/IMG_8835-1024x683.jpg 1024w, https:\/\/www.marion-z-photographie.com\/wp-content\/uploads\/2016\/08\/IMG_8835-840x560.jpg 840w, https:\/\/www.marion-z-photographie.com\/wp-content\/uploads\/2016\/08\/IMG_8835-150x100.jpg 150w\" sizes=\"(max-width: 620px) 100vw, 620px\" \/><\/p>\n<div id=\"wp-ratedWA\"><\/div>\n<h3 style=\"text-align: center;\">\u00ab Premier rendez-vous \u00bb<\/h3>\n<h6 style=\"text-align: center;\"><em>C\u00e9r\u00e9monie(s) + vin d&#8217;honneur + alliances + d\u00e9corations de salle + photos avec les invit\u00e9s + photos de couple<\/em><\/h6>\n<h4 style=\"text-align: center;\">800 \u20ac *<\/h4>\n<p><img decoding=\"async\" loading=\"lazy\" class=\"alignnone wp-image-1779\" src=\"http:\/\/www.marion-z-photographie.com\/wp-content\/uploads\/2021\/01\/5c-scaled.jpg\" alt=\"\" width=\"340\" height=\"227\" srcset=\"https:\/\/www.marion-z-photographie.com\/wp-content\/uploads\/2021\/01\/5c-scaled.jpg 2560w, https:\/\/www.marion-z-photographie.com\/wp-content\/uploads\/2021\/01\/5c-300x200.jpg 300w, https:\/\/www.marion-z-photographie.com\/wp-content\/uploads\/2021\/01\/5c-1024x683.jpg 1024w, https:\/\/www.marion-z-photographie.com\/wp-content\/uploads\/2021\/01\/5c-768x512.jpg 768w, https:\/\/www.marion-z-photographie.com\/wp-content\/uploads\/2021\/01\/5c-1536x1024.jpg 1536w, https:\/\/www.marion-z-photographie.com\/wp-content\/uploads\/2021\/01\/5c-2048x1365.jpg 2048w, https:\/\/www.marion-z-photographie.com\/wp-content\/uploads\/2021\/01\/5c-840x560.jpg 840w, https:\/\/www.marion-z-photographie.com\/wp-content\/uploads\/2021\/01\/5c-150x100.jpg 150w\" sizes=\"(max-width: 340px) 100vw, 340px\" \/>\u00a0 \u00a0 \u00a0 <img decoding=\"async\" loading=\"lazy\" class=\"alignnone wp-image-1765\" src=\"http:\/\/www.marion-z-photographie.com\/wp-content\/uploads\/2021\/01\/001d-scaled.jpg\" alt=\"\" width=\"340\" height=\"227\" srcset=\"https:\/\/www.marion-z-photographie.com\/wp-content\/uploads\/2021\/01\/001d-scaled.jpg 2560w, https:\/\/www.marion-z-photographie.com\/wp-content\/uploads\/2021\/01\/001d-300x200.jpg 300w, https:\/\/www.marion-z-photographie.com\/wp-content\/uploads\/2021\/01\/001d-1024x683.jpg 1024w, https:\/\/www.marion-z-photographie.com\/wp-content\/uploads\/2021\/01\/001d-768x512.jpg 768w, https:\/\/www.marion-z-photographie.com\/wp-content\/uploads\/2021\/01\/001d-1536x1024.jpg 1536w, https:\/\/www.marion-z-photographie.com\/wp-content\/uploads\/2021\/01\/001d-2048x1365.jpg 2048w, https:\/\/www.marion-z-photographie.com\/wp-content\/uploads\/2021\/01\/001d-840x560.jpg 840w, https:\/\/www.marion-z-photographie.com\/wp-content\/uploads\/2021\/01\/001d-150x100.jpg 150w\" sizes=\"(max-width: 340px) 100vw, 340px\" \/>\u00a0 \u00a0 \u00a0 <img decoding=\"async\" loading=\"lazy\" class=\"alignnone wp-image-1826\" src=\"http:\/\/www.marion-z-photographie.com\/wp-content\/uploads\/2021\/01\/40bb-scaled.jpg\" alt=\"\" width=\"340\" height=\"227\" srcset=\"https:\/\/www.marion-z-photographie.com\/wp-content\/uploads\/2021\/01\/40bb-scaled.jpg 2560w, https:\/\/www.marion-z-photographie.com\/wp-content\/uploads\/2021\/01\/40bb-300x200.jpg 300w, https:\/\/www.marion-z-photographie.com\/wp-content\/uploads\/2021\/01\/40bb-1024x683.jpg 1024w, https:\/\/www.marion-z-photographie.com\/wp-content\/uploads\/2021\/01\/40bb-768x512.jpg 768w, https:\/\/www.marion-z-photographie.com\/wp-content\/uploads\/2021\/01\/40bb-1536x1024.jpg 1536w, https:\/\/www.marion-z-photographie.com\/wp-content\/uploads\/2021\/01\/40bb-2048x1365.jpg 2048w, https:\/\/www.marion-z-photographie.com\/wp-content\/uploads\/2021\/01\/40bb-840x560.jpg 840w, https:\/\/www.marion-z-photographie.com\/wp-content\/uploads\/2021\/01\/40bb-150x100.jpg 150w\" sizes=\"(max-width: 340px) 100vw, 340px\" \/><\/p>\n<pre style=\"text-align: center;\"><em>\u00a0<\/em><\/pre>\n<h3 style=\"text-align: center;\">\u00ab Premier baiser \u00bb<\/h3>\n<h6 style=\"text-align: center;\"><em>Pr\u00e9paratifs (coiffure, maquillage &amp; habillage(s)) + d\u00e9couverte des mari\u00e9(e)s \/ remise du bouquet + c\u00e9r\u00e9monie(s) <\/em><\/h6>\n<h6 style=\"text-align: center;\"><em>+ vin d&#8217;honneur + alliances + d\u00e9coration de salle + photos avec les invit\u00e9s + photos de couple<br \/>\n<\/em><\/h6>\n<h4 style=\"text-align: center;\">1250 \u20ac *<\/h4>\n<p><img decoding=\"async\" loading=\"lazy\" class=\"alignnone wp-image-2026\" src=\"http:\/\/www.marion-z-photographie.com\/wp-content\/uploads\/2021\/01\/244B-scaled.jpg\" alt=\"\" width=\"340\" height=\"227\" srcset=\"https:\/\/www.marion-z-photographie.com\/wp-content\/uploads\/2021\/01\/244B-scaled.jpg 2560w, https:\/\/www.marion-z-photographie.com\/wp-content\/uploads\/2021\/01\/244B-300x200.jpg 300w, https:\/\/www.marion-z-photographie.com\/wp-content\/uploads\/2021\/01\/244B-1024x683.jpg 1024w, https:\/\/www.marion-z-photographie.com\/wp-content\/uploads\/2021\/01\/244B-768x512.jpg 768w, https:\/\/www.marion-z-photographie.com\/wp-content\/uploads\/2021\/01\/244B-1536x1024.jpg 1536w, https:\/\/www.marion-z-photographie.com\/wp-content\/uploads\/2021\/01\/244B-2048x1365.jpg 2048w, https:\/\/www.marion-z-photographie.com\/wp-content\/uploads\/2021\/01\/244B-840x560.jpg 840w, https:\/\/www.marion-z-photographie.com\/wp-content\/uploads\/2021\/01\/244B-150x100.jpg 150w\" sizes=\"(max-width: 340px) 100vw, 340px\" \/> \u00a0\u00a0 \u00a0\u00a0<a href=\"http:\/\/www.marion-z-photographie.com\/wp-content\/uploads\/2021\/01\/70V-scaled.jpg\"><img decoding=\"async\" loading=\"lazy\" class=\"alignnone wp-image-1868\" src=\"http:\/\/www.marion-z-photographie.com\/wp-content\/uploads\/2021\/01\/70V-scaled.jpg\" alt=\"\" width=\"340\" height=\"227\" srcset=\"https:\/\/www.marion-z-photographie.com\/wp-content\/uploads\/2021\/01\/70V-scaled.jpg 2560w, https:\/\/www.marion-z-photographie.com\/wp-content\/uploads\/2021\/01\/70V-300x200.jpg 300w, https:\/\/www.marion-z-photographie.com\/wp-content\/uploads\/2021\/01\/70V-1024x683.jpg 1024w, https:\/\/www.marion-z-photographie.com\/wp-content\/uploads\/2021\/01\/70V-768x512.jpg 768w, https:\/\/www.marion-z-photographie.com\/wp-content\/uploads\/2021\/01\/70V-1536x1024.jpg 1536w, https:\/\/www.marion-z-photographie.com\/wp-content\/uploads\/2021\/01\/70V-2048x1365.jpg 2048w, https:\/\/www.marion-z-photographie.com\/wp-content\/uploads\/2021\/01\/70V-840x560.jpg 840w, https:\/\/www.marion-z-photographie.com\/wp-content\/uploads\/2021\/01\/70V-150x100.jpg 150w\" sizes=\"(max-width: 340px) 100vw, 340px\" \/><\/a>\u00a0 \u00a0 \u00a0 <img decoding=\"async\" loading=\"lazy\" class=\"alignnone wp-image-1948\" src=\"http:\/\/www.marion-z-photographie.com\/wp-content\/uploads\/2021\/01\/166-scaled.jpg\" alt=\"\" width=\"340\" height=\"227\" srcset=\"https:\/\/www.marion-z-photographie.com\/wp-content\/uploads\/2021\/01\/166-scaled.jpg 2560w, https:\/\/www.marion-z-photographie.com\/wp-content\/uploads\/2021\/01\/166-300x200.jpg 300w, https:\/\/www.marion-z-photographie.com\/wp-content\/uploads\/2021\/01\/166-1024x683.jpg 1024w, https:\/\/www.marion-z-photographie.com\/wp-content\/uploads\/2021\/01\/166-768x512.jpg 768w, https:\/\/www.marion-z-photographie.com\/wp-content\/uploads\/2021\/01\/166-1536x1024.jpg 1536w, https:\/\/www.marion-z-photographie.com\/wp-content\/uploads\/2021\/01\/166-2048x1365.jpg 2048w, https:\/\/www.marion-z-photographie.com\/wp-content\/uploads\/2021\/01\/166-840x560.jpg 840w, https:\/\/www.marion-z-photographie.com\/wp-content\/uploads\/2021\/01\/166-150x100.jpg 150w\" sizes=\"(max-width: 340px) 100vw, 340px\" \/><\/p>\n<pre style=\"text-align: center;\"><em>\u00a0<\/em><\/pre>\n<h2 style=\"text-align: center;\"><\/h2>\n<h3 style=\"text-align: center;\">\u00ab Premi\u00e8re danse \u00bb<\/h3>\n<h6 style=\"text-align: center;\"><em>Pr\u00e9paratifs (coiffure, maquillage &amp; habillage(s)) + d\u00e9couverte des mari\u00e9(e)s \/ remise du bouquet + c\u00e9r\u00e9monie(s) <\/em><\/h6>\n<h6 style=\"text-align: center;\"><em>+ vin d&#8217;honneur + alliances + d\u00e9coration de salle + photos avec les invit\u00e9s + photos de couple + <\/em><\/h6>\n<h6 style=\"text-align: center;\"><em>lancer de bouquet + <\/em><em>d\u00e9but de soir\u00e9e + ouverture de bal<br \/>\n<\/em><\/h6>\n<h4 style=\"text-align: center;\">1600 \u20ac *<\/h4>\n<p><img decoding=\"async\" loading=\"lazy\" class=\"alignnone wp-image-2091\" src=\"http:\/\/www.marion-z-photographie.com\/wp-content\/uploads\/2021\/01\/IMG_2476-scaled.jpg\" alt=\"\" width=\"340\" height=\"227\" srcset=\"https:\/\/www.marion-z-photographie.com\/wp-content\/uploads\/2021\/01\/IMG_2476-scaled.jpg 2560w, https:\/\/www.marion-z-photographie.com\/wp-content\/uploads\/2021\/01\/IMG_2476-300x200.jpg 300w, https:\/\/www.marion-z-photographie.com\/wp-content\/uploads\/2021\/01\/IMG_2476-1024x683.jpg 1024w, https:\/\/www.marion-z-photographie.com\/wp-content\/uploads\/2021\/01\/IMG_2476-768x512.jpg 768w, https:\/\/www.marion-z-photographie.com\/wp-content\/uploads\/2021\/01\/IMG_2476-1536x1024.jpg 1536w, https:\/\/www.marion-z-photographie.com\/wp-content\/uploads\/2021\/01\/IMG_2476-2048x1365.jpg 2048w, https:\/\/www.marion-z-photographie.com\/wp-content\/uploads\/2021\/01\/IMG_2476-840x560.jpg 840w, https:\/\/www.marion-z-photographie.com\/wp-content\/uploads\/2021\/01\/IMG_2476-150x100.jpg 150w\" sizes=\"(max-width: 340px) 100vw, 340px\" \/>\u00a0 \u00a0 \u00a0 <img decoding=\"async\" loading=\"lazy\" class=\"alignnone wp-image-2294\" src=\"http:\/\/www.marion-z-photographie.com\/wp-content\/uploads\/2022\/02\/IMG-112-scaled.jpg\" alt=\"\" width=\"340\" height=\"227\" srcset=\"https:\/\/www.marion-z-photographie.com\/wp-content\/uploads\/2022\/02\/IMG-112-scaled.jpg 2560w, https:\/\/www.marion-z-photographie.com\/wp-content\/uploads\/2022\/02\/IMG-112-300x200.jpg 300w, https:\/\/www.marion-z-photographie.com\/wp-content\/uploads\/2022\/02\/IMG-112-1024x683.jpg 1024w, https:\/\/www.marion-z-photographie.com\/wp-content\/uploads\/2022\/02\/IMG-112-768x512.jpg 768w, https:\/\/www.marion-z-photographie.com\/wp-content\/uploads\/2022\/02\/IMG-112-1536x1024.jpg 1536w\" sizes=\"(max-width: 340px) 100vw, 340px\" \/>\u00a0 \u00a0 \u00a0 <img decoding=\"async\" loading=\"lazy\" class=\"alignnone wp-image-2364\" src=\"http:\/\/www.marion-z-photographie.com\/wp-content\/uploads\/2022\/02\/IMG-449-scaled.jpg\" alt=\"\" width=\"340\" height=\"227\" srcset=\"https:\/\/www.marion-z-photographie.com\/wp-content\/uploads\/2022\/02\/IMG-449-scaled.jpg 2560w, https:\/\/www.marion-z-photographie.com\/wp-content\/uploads\/2022\/02\/IMG-449-300x200.jpg 300w, https:\/\/www.marion-z-photographie.com\/wp-content\/uploads\/2022\/02\/IMG-449-1024x683.jpg 1024w, https:\/\/www.marion-z-photographie.com\/wp-content\/uploads\/2022\/02\/IMG-449-768x512.jpg 768w, https:\/\/www.marion-z-photographie.com\/wp-content\/uploads\/2022\/02\/IMG-449-1536x1024.jpg 1536w\" sizes=\"(max-width: 340px) 100vw, 340px\" \/><\/p>\n<pre style=\"text-align: center;\"><em>\u00a0<\/em><\/pre>\n<h2 style=\"text-align: center;\"><\/h2>\n<pre style=\"text-align: center;\"><em>\u00a0<\/em><\/pre>\n<h3 style=\"text-align: center;\">\u00ab French Kiss \u00bb<\/h3>\n<h6 style=\"text-align: center;\"><em>Pr\u00e9paratifs (coiffure, maquillage &amp; habillage(s)) + d\u00e9couverte des mari\u00e9(e)s \/ remise du bouquet + c\u00e9r\u00e9monie(s) <\/em><\/h6>\n<h6 style=\"text-align: center;\"><em>+ vin d&#8217;honneur + alliances + d\u00e9coration de salle + photos avec les invit\u00e9s + photos de couple + <\/em><\/h6>\n<h6 style=\"text-align: center;\"><em>lancer de bouquet<\/em><em> + ouverture de bal + soir\u00e9e dansante <\/em><\/h6>\n<h6 style=\"text-align: center;\"><em>+ jeux &amp; animations + g\u00e2teau<\/em><\/h6>\n<h4 style=\"text-align: center;\">1850 \u20ac *<\/h4>\n<p><img decoding=\"async\" loading=\"lazy\" class=\"alignnone wp-image-2499\" src=\"http:\/\/www.marion-z-photographie.com\/wp-content\/uploads\/2022\/02\/IMG-510-1-scaled.jpg\" alt=\"\" width=\"340\" height=\"227\" srcset=\"https:\/\/www.marion-z-photographie.com\/wp-content\/uploads\/2022\/02\/IMG-510-1-scaled.jpg 2560w, https:\/\/www.marion-z-photographie.com\/wp-content\/uploads\/2022\/02\/IMG-510-1-300x200.jpg 300w, https:\/\/www.marion-z-photographie.com\/wp-content\/uploads\/2022\/02\/IMG-510-1-1024x683.jpg 1024w, https:\/\/www.marion-z-photographie.com\/wp-content\/uploads\/2022\/02\/IMG-510-1-768x512.jpg 768w, https:\/\/www.marion-z-photographie.com\/wp-content\/uploads\/2022\/02\/IMG-510-1-1536x1024.jpg 1536w, https:\/\/www.marion-z-photographie.com\/wp-content\/uploads\/2022\/02\/IMG-510-1-2048x1365.jpg 2048w, https:\/\/www.marion-z-photographie.com\/wp-content\/uploads\/2022\/02\/IMG-510-1-840x560.jpg 840w, https:\/\/www.marion-z-photographie.com\/wp-content\/uploads\/2022\/02\/IMG-510-1-150x100.jpg 150w\" sizes=\"(max-width: 340px) 100vw, 340px\" \/>\u00a0 \u00a0 \u00a0 <img decoding=\"async\" loading=\"lazy\" class=\"alignnone wp-image-2389\" src=\"http:\/\/www.marion-z-photographie.com\/wp-content\/uploads\/2022\/02\/IMG-563-scaled.jpg\" alt=\"\" width=\"340\" height=\"227\" srcset=\"https:\/\/www.marion-z-photographie.com\/wp-content\/uploads\/2022\/02\/IMG-563-scaled.jpg 2560w, https:\/\/www.marion-z-photographie.com\/wp-content\/uploads\/2022\/02\/IMG-563-300x200.jpg 300w, https:\/\/www.marion-z-photographie.com\/wp-content\/uploads\/2022\/02\/IMG-563-1024x683.jpg 1024w, https:\/\/www.marion-z-photographie.com\/wp-content\/uploads\/2022\/02\/IMG-563-768x512.jpg 768w, https:\/\/www.marion-z-photographie.com\/wp-content\/uploads\/2022\/02\/IMG-563-1536x1024.jpg 1536w\" sizes=\"(max-width: 340px) 100vw, 340px\" \/>\u00a0 \u00a0 \u00a0 <img decoding=\"async\" loading=\"lazy\" class=\"alignnone wp-image-2383\" src=\"http:\/\/www.marion-z-photographie.com\/wp-content\/uploads\/2022\/02\/IMG-520-scaled.jpg\" alt=\"\" width=\"340\" height=\"227\" srcset=\"https:\/\/www.marion-z-photographie.com\/wp-content\/uploads\/2022\/02\/IMG-520-scaled.jpg 2560w, https:\/\/www.marion-z-photographie.com\/wp-content\/uploads\/2022\/02\/IMG-520-300x200.jpg 300w, https:\/\/www.marion-z-photographie.com\/wp-content\/uploads\/2022\/02\/IMG-520-1024x683.jpg 1024w, https:\/\/www.marion-z-photographie.com\/wp-content\/uploads\/2022\/02\/IMG-520-768x512.jpg 768w, https:\/\/www.marion-z-photographie.com\/wp-content\/uploads\/2022\/02\/IMG-520-1536x1024.jpg 1536w, https:\/\/www.marion-z-photographie.com\/wp-content\/uploads\/2022\/02\/IMG-520-2048x1365.jpg 2048w, https:\/\/www.marion-z-photographie.com\/wp-content\/uploads\/2022\/02\/IMG-520-840x560.jpg 840w, https:\/\/www.marion-z-photographie.com\/wp-content\/uploads\/2022\/02\/IMG-520-150x100.jpg 150w\" sizes=\"(max-width: 340px) 100vw, 340px\" \/><\/p>\n<pre style=\"text-align: center;\"><em>\u00a0<\/em><\/pre>\n<h2 style=\"text-align: center;\"><\/h2>\n<h3 style=\"text-align: center;\">S\u00e9ance photo \u00abAfter Day\u00bb<\/h3>\n<h4 style=\"text-align: center;\"><\/h4>\n<h6 style=\"text-align: center;\">\u00a0Une s\u00e9ance photo<em> dans l&#8217;endroit de vos r\u00eaves, pour immortaliser votre r\u00e9cente union<\/em><\/h6>\n<h4 style=\"text-align: center;\">250 \u20ac **<\/h4>\n<p><img decoding=\"async\" loading=\"lazy\" class=\"wp-image-2251 aligncenter\" src=\"http:\/\/www.marion-z-photographie.com\/wp-content\/uploads\/2022\/02\/Anais-Ville-278-scaled.jpg\" alt=\"\" width=\"620\" height=\"413\" srcset=\"https:\/\/www.marion-z-photographie.com\/wp-content\/uploads\/2022\/02\/Anais-Ville-278-scaled.jpg 2560w, https:\/\/www.marion-z-photographie.com\/wp-content\/uploads\/2022\/02\/Anais-Ville-278-300x200.jpg 300w, https:\/\/www.marion-z-photographie.com\/wp-content\/uploads\/2022\/02\/Anais-Ville-278-1024x683.jpg 1024w, https:\/\/www.marion-z-photographie.com\/wp-content\/uploads\/2022\/02\/Anais-Ville-278-768x512.jpg 768w, https:\/\/www.marion-z-photographie.com\/wp-content\/uploads\/2022\/02\/Anais-Ville-278-1536x1024.jpg 1536w, https:\/\/www.marion-z-photographie.com\/wp-content\/uploads\/2022\/02\/Anais-Ville-278-2048x1365.jpg 2048w, https:\/\/www.marion-z-photographie.com\/wp-content\/uploads\/2022\/02\/Anais-Ville-278-840x560.jpg 840w, https:\/\/www.marion-z-photographie.com\/wp-content\/uploads\/2022\/02\/Anais-Ville-278-150x100.jpg 150w\" sizes=\"(max-width: 620px) 100vw, 620px\" \/><\/p>\n<pre style=\"text-align: center;\"><em>\u00a0<\/em><\/pre>\n<h2 style=\"text-align: center;\">\u2665<\/h2>\n<h6 style=\"text-align: center;\"><em>* Au-del\u00e0 de 50km de Givenchy-en-Gohelle (62580), le d\u00e9placement sera factur\u00e9 \u00e0 raison de 0,50\u20ac\/km<\/em><\/h6>\n<h6 style=\"text-align: center;\"><em>** Au-del\u00e0 de 20km de Givenchy-en-Gohelle (62580), le d\u00e9placement sera factur\u00e9 \u00e0 raison de 0,50\u20ac\/km<\/em><\/h6>\n","protected":false},"excerpt":{"rendered":"<p>Mariage \u2665 \u00ab Premier rendez-vous \u00bb C\u00e9r\u00e9monie(s) + vin d&#8217;honneur + alliances + d\u00e9corations de salle + photos avec les invit\u00e9s + photos de couple 800 \u20ac * \u00a0 \u00a0 \u00a0 \u00a0 \u00a0 \u00a0 \u00a0 \u00ab Premier baiser \u00bb Pr\u00e9paratifs (coiffure, maquillage &amp; habillage(s)) + d\u00e9couverte des mari\u00e9(e)s \/ remise du bouquet + c\u00e9r\u00e9monie(s) +&#8230;<\/p>\n","protected":false},"author":1,"featured_media":0,"parent":0,"menu_order":0,"comment_status":"closed","ping_status":"closed","template":"","meta":[],"yoast_head":"<!-- This site is optimized with the Yoast SEO plugin v20.4 - https:\/\/yoast.com\/wordpress\/plugins\/seo\/ -->\n<title>Mariage - Marion Z. photographie<\/title>\n<meta name=\"robots\" content=\"index, follow, max-snippet:-1, max-image-preview:large, max-video-preview:-1\" \/>\n<link rel=\"canonical\" href=\"https:\/\/www.marion-z-photographie.com\/?page_id=61\" \/>\n<meta property=\"og:locale\" content=\"fr_FR\" \/>\n<meta property=\"og:type\" content=\"article\" \/>\n<meta property=\"og:title\" content=\"Mariage - Marion Z. photographie\" \/>\n<meta property=\"og:description\" content=\"Mariage \u2665 \u00ab Premier rendez-vous \u00bb C\u00e9r\u00e9monie(s) + vin d&#8217;honneur + alliances + d\u00e9corations de salle + photos avec les invit\u00e9s + photos de couple 800 \u20ac * \u00a0 \u00a0 \u00a0 \u00a0 \u00a0 \u00a0 \u00a0 \u00ab Premier baiser \u00bb Pr\u00e9paratifs (coiffure, maquillage &amp; habillage(s)) + d\u00e9couverte des mari\u00e9(e)s \/ remise du bouquet + c\u00e9r\u00e9monie(s) +...\" \/>\n<meta property=\"og:url\" content=\"https:\/\/www.marion-z-photographie.com\/?page_id=61\" \/>\n<meta property=\"og:site_name\" content=\"Marion Z. photographie\" \/>\n<meta property=\"article:modified_time\" content=\"2026-01-21T17:49:35+00:00\" \/>\n<meta property=\"og:image\" content=\"http:\/\/www.marion-z-photographie.com\/wp-content\/uploads\/2026\/01\/wedding-awards-2019-2026.jpg\" \/>\n<meta name=\"twitter:card\" content=\"summary_large_image\" \/>\n<meta name=\"twitter:label1\" content=\"Dur\u00e9e de lecture estim\u00e9e\" \/>\n\t<meta name=\"twitter:data1\" content=\"5 minutes\" \/>\n<script type=\"application\/ld+json\" class=\"yoast-schema-graph\">{\"@context\":\"https:\/\/schema.org\",\"@graph\":[{\"@type\":\"WebPage\",\"@id\":\"https:\/\/www.marion-z-photographie.com\/?page_id=61\",\"url\":\"https:\/\/www.marion-z-photographie.com\/?page_id=61\",\"name\":\"Mariage - Marion Z. photographie\",\"isPartOf\":{\"@id\":\"https:\/\/www.marion-z-photographie.com\/#website\"},\"datePublished\":\"2015-11-29T18:00:14+00:00\",\"dateModified\":\"2026-01-21T17:49:35+00:00\",\"breadcrumb\":{\"@id\":\"https:\/\/www.marion-z-photographie.com\/?page_id=61#breadcrumb\"},\"inLanguage\":\"fr-FR\",\"potentialAction\":[{\"@type\":\"ReadAction\",\"target\":[\"https:\/\/www.marion-z-photographie.com\/?page_id=61\"]}]},{\"@type\":\"BreadcrumbList\",\"@id\":\"https:\/\/www.marion-z-photographie.com\/?page_id=61#breadcrumb\",\"itemListElement\":[{\"@type\":\"ListItem\",\"position\":1,\"name\":\"Accueil\",\"item\":\"https:\/\/www.marion-z-photographie.com\/\"},{\"@type\":\"ListItem\",\"position\":2,\"name\":\"Mariage\"}]},{\"@type\":\"WebSite\",\"@id\":\"https:\/\/www.marion-z-photographie.com\/#website\",\"url\":\"https:\/\/www.marion-z-photographie.com\/\",\"name\":\"Marion Z. photographie\",\"description\":\"Captures d&#039;instants vous appartenant\",\"potentialAction\":[{\"@type\":\"SearchAction\",\"target\":{\"@type\":\"EntryPoint\",\"urlTemplate\":\"https:\/\/www.marion-z-photographie.com\/?s={search_term_string}\"},\"query-input\":\"required name=search_term_string\"}],\"inLanguage\":\"fr-FR\"}]}<\/script>\n<!-- \/ Yoast SEO plugin. -->","yoast_head_json":{"title":"Mariage - Marion Z. photographie","robots":{"index":"index","follow":"follow","max-snippet":"max-snippet:-1","max-image-preview":"max-image-preview:large","max-video-preview":"max-video-preview:-1"},"canonical":"https:\/\/www.marion-z-photographie.com\/?page_id=61","og_locale":"fr_FR","og_type":"article","og_title":"Mariage - Marion Z. photographie","og_description":"Mariage \u2665 \u00ab Premier rendez-vous \u00bb C\u00e9r\u00e9monie(s) + vin d&#8217;honneur + alliances + d\u00e9corations de salle + photos avec les invit\u00e9s + photos de couple 800 \u20ac * \u00a0 \u00a0 \u00a0 \u00a0 \u00a0 \u00a0 \u00a0 \u00ab Premier baiser \u00bb Pr\u00e9paratifs (coiffure, maquillage &amp; habillage(s)) + d\u00e9couverte des mari\u00e9(e)s \/ remise du bouquet + c\u00e9r\u00e9monie(s) +...","og_url":"https:\/\/www.marion-z-photographie.com\/?page_id=61","og_site_name":"Marion Z. photographie","article_modified_time":"2026-01-21T17:49:35+00:00","og_image":[{"url":"http:\/\/www.marion-z-photographie.com\/wp-content\/uploads\/2026\/01\/wedding-awards-2019-2026.jpg"}],"twitter_card":"summary_large_image","twitter_misc":{"Dur\u00e9e de lecture estim\u00e9e":"5 minutes"},"schema":{"@context":"https:\/\/schema.org","@graph":[{"@type":"WebPage","@id":"https:\/\/www.marion-z-photographie.com\/?page_id=61","url":"https:\/\/www.marion-z-photographie.com\/?page_id=61","name":"Mariage - Marion Z. photographie","isPartOf":{"@id":"https:\/\/www.marion-z-photographie.com\/#website"},"datePublished":"2015-11-29T18:00:14+00:00","dateModified":"2026-01-21T17:49:35+00:00","breadcrumb":{"@id":"https:\/\/www.marion-z-photographie.com\/?page_id=61#breadcrumb"},"inLanguage":"fr-FR","potentialAction":[{"@type":"ReadAction","target":["https:\/\/www.marion-z-photographie.com\/?page_id=61"]}]},{"@type":"BreadcrumbList","@id":"https:\/\/www.marion-z-photographie.com\/?page_id=61#breadcrumb","itemListElement":[{"@type":"ListItem","position":1,"name":"Accueil","item":"https:\/\/www.marion-z-photographie.com\/"},{"@type":"ListItem","position":2,"name":"Mariage"}]},{"@type":"WebSite","@id":"https:\/\/www.marion-z-photographie.com\/#website","url":"https:\/\/www.marion-z-photographie.com\/","name":"Marion Z. photographie","description":"Captures d&#039;instants vous appartenant","potentialAction":[{"@type":"SearchAction","target":{"@type":"EntryPoint","urlTemplate":"https:\/\/www.marion-z-photographie.com\/?s={search_term_string}"},"query-input":"required name=search_term_string"}],"inLanguage":"fr-FR"}]}},"_links":{"self":[{"href":"https:\/\/www.marion-z-photographie.com\/index.php?rest_route=\/wp\/v2\/pages\/61"}],"collection":[{"href":"https:\/\/www.marion-z-photographie.com\/index.php?rest_route=\/wp\/v2\/pages"}],"about":[{"href":"https:\/\/www.marion-z-photographie.com\/index.php?rest_route=\/wp\/v2\/types\/page"}],"author":[{"embeddable":true,"href":"https:\/\/www.marion-z-photographie.com\/index.php?rest_route=\/wp\/v2\/users\/1"}],"replies":[{"embeddable":true,"href":"https:\/\/www.marion-z-photographie.com\/index.php?rest_route=%2Fwp%2Fv2%2Fcomments&post=61"}],"version-history":[{"count":99,"href":"https:\/\/www.marion-z-photographie.com\/index.php?rest_route=\/wp\/v2\/pages\/61\/revisions"}],"predecessor-version":[{"id":4062,"href":"https:\/\/www.marion-z-photographie.com\/index.php?rest_route=\/wp\/v2\/pages\/61\/revisions\/4062"}],"wp:attachment":[{"href":"https:\/\/www.marion-z-photographie.com\/index.php?rest_route=%2Fwp%2Fv2%2Fmedia&parent=61"}],"curies":[{"name":"wp","href":"https:\/\/api.w.org\/{rel}","templated":true}]}}